{"id":33,"date":"2021-02-23T08:59:18","date_gmt":"2021-02-23T07:59:18","guid":{"rendered":"https:\/\/dev.s-mania.si\/wpsi\/?page_id=33"},"modified":"2026-04-14T08:00:43","modified_gmt":"2026-04-14T06:00:43","slug":"homepage","status":"publish","type":"page","link":"https:\/\/mazzaci.com\/at\/","title":{"rendered":"Startseite"},"content":{"rendered":"<div class=\"mazzaci_home_main_banner\">\t<!-- homer desktop -->\n\t<div class=\"mazzaci_home_banners_desktop\">\n\t\t\t\t\t<a href=\"https:\/\/mazzaci.com\/at\/produkt-kategorie\/braeunungsprodukte\/\">\n\t\t\t\t<img src=\"https:\/\/mazzaci.com\/assets\/img\/banners-promo\/maz-desktop.webp\" \/>\n\t\t\t\t\t\t\t\t\t<div class=\"mazzaci_home_banners-button\">\n\t\t\t\t\t\t<div class=\"banner_btn_custom\" style=\"background-color:#EED91B;color:#1E1F1D;border-radius:10px;font-weight:900\">\n\t\t\t\t\t\t\tJetzt einkaufen\t\t\t\t\t\t<\/div>\n\t\t\t\t\t<\/div>\n\t\t\t\t\t\t\t<\/a>\n\t\t\t<\/div>\n\t<!-- homer mobile -->\n\t<div class=\"mazzaci_home_banners_mobile\">\n\t\t\t\t\t<a href=\"https:\/\/mazzaci.com\/at\/produkt-kategorie\/braeunungsprodukte\/\">\n\t\t\t\t<img src=\"https:\/\/mazzaci.com\/assets\/img\/banners-promo\/maz-mobile.webp\" \/>\n\t\t\t\t\t\t\t\t\t<div class=\"mazzaci_home_banners-button\">\n\t\t\t\t\t\t<div class=\"banner_btn_custom\" style=\"background-color:#EED91B;color:#1E1F1D;border-radius:10px;font-weight:900\">\n\t\t\t\t\t\t\tJetzt einkaufen\t\t\t\t\t\t<\/div>\n\t\t\t\t\t<\/div>\n\t\t\t\t\t\t\t<\/a>\n\t\t\t<\/div>\n<\/div>\n\n\n<div class=\"mazzaci_home_main-title\">Nat\u00fcrlich, erschwinglich & hautfreundlich<\/div>\n\n\n\n<p class=\"has-text-align-center\">Die f\u00fchrende Marke f\u00fcr nat\u00fcrliche Kosmetik, die sich um deine Haut und dein Haar k\u00fcmmert. 100% nat\u00fcrliche, giftfreie, vegane und tierversuchsfreie Produkte.<\/p>\n\n\n\n<p class=\"mazzaci_home_section_title\">\n<img decoding=\"async\" src=\"..\/assets\/img\/home_title_icons\/hot-right-now.svg\">\n<span>Jetzt im Trend<\/span>\n<\/p>\n\n\n<div class=\"woocommerce columns-3 \"><ul class=\"products columns-3\">\n<li class=\"product type-product post-27864 status-publish first instock product_cat-braeunungsprodukte has-post-thumbnail taxable shipping-taxable purchasable product-type-simple\">\n\t<h2 class=\"woocommerce-loop-product__title\">TanGo Br\u00e4unungscreme<div class=\"st\">Schnelle und gleichm\u00e4\u00dfige Br\u00e4unung<\/div><\/h2><div class=\"custom_info_wrap\"><div class=\"custom_info_wrap-left\"><span data-prodid=\"27864\" class=\"custom_order_now_btn custom_order_now_btn_atc\">In den Warenkorb<\/span><\/div><div class=\"custom_info_wrap-right\"><\/div><\/div><\/li>\n<li class=\"product type-product post-27868 status-publish instock product_cat-braeunungsprodukte has-post-thumbnail taxable shipping-taxable purchasable product-type-simple\">\n\t<h2 class=\"woocommerce-loop-product__title\">TanGo Oil Br\u00e4unungsspray<div class=\"st\">TanGo Creme in Sprayform<\/div><\/h2><div class=\"custom_info_wrap\"><div class=\"custom_info_wrap-left\"><span data-prodid=\"27868\" class=\"custom_order_now_btn custom_order_now_btn_atc\">In den Warenkorb<\/span><\/div><div class=\"custom_info_wrap-right\"><\/div><\/div><\/li>\n<\/ul>\n<\/div>\n\n\n<div class=\"mazzaci_home_values-title\">Weil wir uns k\u00fcmmern<\/div>\n\n\n\t<div class=\"mazzaci_home_values\">\n\t\t<div>\n\t\t\t<img src=\"https:\/\/mazzaci.com\/assets\/img\/values\/r_AT.svg?v=4\">\n\t\t\t<div class=\"mazzaci_home_values_item-txt\">Frei von Grausamkeiten<\/div>\n\t\t<\/div>\n\t\t<div>\n\t\t\t<img src=\"https:\/\/mazzaci.com\/assets\/img\/values\/l_AT.svg?v=4\">\n\t\t\t<div class=\"mazzaci_home_values_item-txt\">Ganz nat\u00fcrlich<\/div>\n\t\t<\/div>\n\t\t<div>\n\t\t\t<img src=\"https:\/\/mazzaci.com\/assets\/img\/values\/p_AT.svg?v=4\">\n\t\t\t<div class=\"mazzaci_home_values_item-txt\">Wunderbarer Duft<\/div>\n\t\t<\/div>\n\t\t<div>\n\t\t\t<img src=\"https:\/\/mazzaci.com\/assets\/img\/values\/eu_AT.svg?v=4\">\n\t\t\t<div class=\"mazzaci_home_values_item-txt\">Hergestellt in der EU<\/div>\n\t\t<\/div>\n\t<\/div>\n\n\n\n\n<p class=\"mazzaci_home_section_title\">\n<img decoding=\"async\" src=\"..\/assets\/img\/home_title_icons\/tanning-products.svg\">\n<span>Br\u00e4unungsprodukte<\/span>\n<\/p>\n\n\n\n<p style=\"font-size:18px\">Eine Vielzahl von Produkten f\u00fcr eine nat\u00fcrlich aussehende Br\u00e4une, geeignet f\u00fcr alle Hauttypen. Vegane, nat\u00fcrliche Inhaltsstoffe.<\/p>\n\n\n\t<div class=\"mazzaci_combo\">\n\t\t<div class=\"mazzaci_combo-img\">\n\t\t\t<img src=\"https:\/\/mazzaci.com\/at\/wp-content\/uploads\/tanning-d.jpg\">\n\t\t<\/div>\n\t\t<div class=\"mazzaci_combo-img-mobile\" style=\"background-image:url('https:\/\/mazzaci.com\/at\/wp-content\/uploads\/tanning-m.jpg');\">\n\t\t\t<img src=\"https:\/\/mazzaci.com\/at\/wp-content\/uploads\/tanning-m.jpg\">\n\t\t<\/div>\n\t\t<div class=\"mazzaci_combo-products\">\n\t\t\t<div class=\"woocommerce columns-3 \"><ul class=\"products columns-3\">\n<li class=\"product type-product post-27864 status-publish first instock product_cat-braeunungsprodukte has-post-thumbnail taxable shipping-taxable purchasable product-type-simple\">\n\t<h2 class=\"woocommerce-loop-product__title\">TanGo Br\u00e4unungscreme<div class=\"st\">Schnelle und gleichm\u00e4\u00dfige Br\u00e4unung<\/div><\/h2><div class=\"custom_info_wrap\"><div class=\"custom_info_wrap-left\"><span data-prodid=\"27864\" class=\"custom_order_now_btn custom_order_now_btn_atc\">In den Warenkorb<\/span><\/div><div class=\"custom_info_wrap-right\"><\/div><\/div><\/li>\n<li class=\"product type-product post-27868 status-publish instock product_cat-braeunungsprodukte has-post-thumbnail taxable shipping-taxable purchasable product-type-simple\">\n\t<h2 class=\"woocommerce-loop-product__title\">TanGo Oil Br\u00e4unungsspray<div class=\"st\">TanGo Creme in Sprayform<\/div><\/h2><div class=\"custom_info_wrap\"><div class=\"custom_info_wrap-left\"><span data-prodid=\"27868\" class=\"custom_order_now_btn custom_order_now_btn_atc\">In den Warenkorb<\/span><\/div><div class=\"custom_info_wrap-right\"><\/div><\/div><\/li>\n<\/ul>\n<\/div>\t\t<\/div>\n\t<\/div>\n\t<!-- View all category products -->\n\t\t\t<div class=\"mazzaci_combo_view_more\">\n\t\t\t<a href=\"https:\/\/mazzaci.com\/at\/produkt-kategorie\/braeunungsprodukte\">Alle anzeigen <i style=\"margin-left:5px;\" class=\"fas fa-arrow-right\"><\/i><\/a>\n\t\t<\/div>\n\t\n\n\n\r\n    <div class=\"faq_main_div\">\r\n        <div class=\"faq_img_m\">\r\n            <img src=\"https:\/\/mazzaci.com\/assets\/img\/faq_img_m.png\">\r\n        <\/div>\r\n        <div class=\"faq_text_main\">\r\n            <h2>WIE K\u00d6NNEN WIR HELFEN?<\/h2>\r\n            <p>Wir m\u00f6chten unseren kunden auf jede m\u00f6gliche weise helfen. Sie k\u00f6nnen sich jederzeit \u00fcber unsere sozialen netzwerke an uns wenden, oder unten eine antwort auf ihre fragen finden.<\/p>\r\n            <div class=\"faq_links\">\r\n                <a href=\"\/at\/faq?s=1\">Lieferung und r\u00fcckgabe<\/a>\r\n                <a href=\"\/at\/faq?s=0\">Bestellung verfolgen<\/a>\r\n                <a href=\"\/at\/faq\">H\u00e4ufig gestellte Fragen<\/a>\r\n                <a href=\"\/at\/gebrauchsanweisung\">Gebrauchsanweisung<\/a>\r\n            <\/div>\r\n        <\/div>\r\n        <div class=\"faq_img\">\r\n            <img src=\"https:\/\/mazzaci.com\/assets\/img\/faq_img.png\">\r\n        <\/div>\r\n    <\/div>\r\n\r\n    \n\n\n\n\n\n\t<script>\n\t\tvar newsletter_id = '193';\n\t<\/script>\n\t<div class=\"mazzaci_home_newsletter\">\n\t\t<div class=\"mazzaci_home_newsletter_title\">Werde Mitglied unserer Community<\/div>\n\t\t<div class=\"mazzaci_home_newsletter_txt\">Willst du \u00fcber alle Neuigkeiten auf dem Laufenden bleiben? Melde dich f\u00fcr unseren Newsletter an und profitiere von tollen Angeboten!<\/div>\n\t\t<div class=\"mazzaci_home_newsletter_action\">\n\t\t\t<div class=\"mazzaci_home_newsletter_action_input\">\n\t\t\t\t<input id=\"mazzaci_home_newsletter_action_input\" type=\"text\" placeholder=\"Trage deine E-Mail ein\">\n\t\t\t<\/div>\n\t\t\t<div class=\"mazzaci_home_newsletter_action_submit\">\n\t\t\t\t<span id=\"mazzaci_home_newsletter_action_submit\">Anmelden<\/span>\n\t\t\t<\/div>\n\t\t<\/div>\n\t<\/div>\n\n","protected":false},"excerpt":{"rendered":"<p>Die f\u00fchrende Marke f\u00fcr nat\u00fcrliche Kosmetik, die sich um deine Haut und dein Haar k\u00fcmmert. 100% nat\u00fcrliche, giftfreie, vegane und tierversuchsfreie Produkte. Jetzt im Trend Br\u00e4unungsprodukte Eine Vielzahl von Produkten f\u00fcr eine nat\u00fcrlich aussehende Br\u00e4une, geeignet f\u00fcr alle Hauttypen. Vegane, nat\u00fcrliche Inhaltsstoffe.<\/p>\n","protected":false},"author":1,"featured_media":0,"parent":0,"menu_order":0,"comment_status":"closed","ping_status":"closed","template":"template-fullwidth.php","meta":[],"tags":[2157],"acf":[],"_links":{"self":[{"href":"https:\/\/mazzaci.com\/at\/wp-json\/wp\/v2\/pages\/33"}],"collection":[{"href":"https:\/\/mazzaci.com\/at\/wp-json\/wp\/v2\/pages"}],"about":[{"href":"https:\/\/mazzaci.com\/at\/wp-json\/wp\/v2\/types\/page"}],"author":[{"embeddable":true,"href":"https:\/\/mazzaci.com\/at\/wp-json\/wp\/v2\/users\/1"}],"replies":[{"embeddable":true,"href":"https:\/\/mazzaci.com\/at\/wp-json\/wp\/v2\/comments?post=33"}],"version-history":[{"count":58,"href":"https:\/\/mazzaci.com\/at\/wp-json\/wp\/v2\/pages\/33\/revisions"}],"predecessor-version":[{"id":29157,"href":"https:\/\/mazzaci.com\/at\/wp-json\/wp\/v2\/pages\/33\/revisions\/29157"}],"wp:attachment":[{"href":"https:\/\/mazzaci.com\/at\/wp-json\/wp\/v2\/media?parent=33"}],"wp:term":[{"taxonomy":"post_tag","embeddable":true,"href":"https:\/\/mazzaci.com\/at\/wp-json\/wp\/v2\/tags?post=33"}],"curies":[{"name":"wp","href":"https:\/\/api.w.org\/{rel}","templated":true}]}}