{"id":28252,"date":"2022-05-09T13:06:27","date_gmt":"2022-05-09T11:06:27","guid":{"rendered":"https:\/\/mazzaci.com\/at\/?page_id=28252"},"modified":"2022-05-09T13:06:27","modified_gmt":"2022-05-09T11:06:27","slug":"grosshandelsbestellungen-und-anfragen","status":"publish","type":"page","link":"https:\/\/mazzaci.com\/at\/grosshandelsbestellungen-und-anfragen\/","title":{"rendered":"Gro\u00dfhandelsbestellungen und -anfragen"},"content":{"rendered":"\n<p>Unser Team strebt danach, die besten Preise f\u00fcr unsere hochwertigen Produkte anzubieten. Wir bieten ein engagiertes Team von Profis, Produkte von h\u00f6chster Qualit\u00e4t und Marketingmaterial zur Entwicklung des Gesch\u00e4fts in Ihrem Land.<\/p>\n\n\n\n<figure class=\"is-layout-flex wp-block-gallery-1 wp-block-gallery aligncenter has-nested-images columns-default is-cropped\">\n<figure class=\"wp-block-image size-large\"><img decoding=\"async\" loading=\"lazy\" width=\"900\" height=\"1125\" data-id=\"28110\"  src=\"https:\/\/mazzaci.com\/at\/wp-content\/uploads\/candybomb-2.jpg\" alt=\"\" class=\"wp-image-28110\" srcset=\"https:\/\/mazzaci.com\/at\/wp-content\/uploads\/candybomb-2.jpg 900w, https:\/\/mazzaci.com\/at\/wp-content\/uploads\/candybomb-2-240x300.jpg 240w, https:\/\/mazzaci.com\/at\/wp-content\/uploads\/candybomb-2-819x1024.jpg 819w, https:\/\/mazzaci.com\/at\/wp-content\/uploads\/candybomb-2-768x960.jpg 768w, https:\/\/mazzaci.com\/at\/wp-content\/uploads\/candybomb-2-416x520.jpg 416w\" sizes=\"(max-width: 900px) 100vw, 900px\" \/><\/figure>\n\n\n\n<figure class=\"wp-block-image size-large\"><img decoding=\"async\" loading=\"lazy\" width=\"900\" height=\"1125\" data-id=\"28031\"  src=\"https:\/\/mazzaci.com\/at\/wp-content\/uploads\/gocurls-nika-kar-2.webp\" alt=\"\" class=\"wp-image-28031\" srcset=\"https:\/\/mazzaci.com\/at\/wp-content\/uploads\/gocurls-nika-kar-2.webp 900w, https:\/\/mazzaci.com\/at\/wp-content\/uploads\/gocurls-nika-kar-2-240x300.webp 240w, https:\/\/mazzaci.com\/at\/wp-content\/uploads\/gocurls-nika-kar-2-819x1024.webp 819w, https:\/\/mazzaci.com\/at\/wp-content\/uploads\/gocurls-nika-kar-2-768x960.webp 768w, https:\/\/mazzaci.com\/at\/wp-content\/uploads\/gocurls-nika-kar-2-416x520.webp 416w\" sizes=\"(max-width: 900px) 100vw, 900px\" \/><\/figure>\n\n\n\n<figure class=\"wp-block-image size-large\"><img decoding=\"async\" loading=\"lazy\" width=\"1000\" height=\"1250\" data-id=\"27880\"  src=\"https:\/\/mazzaci.com\/at\/wp-content\/uploads\/tanquick-3.jpg\" alt=\"\" class=\"wp-image-27880\" srcset=\"https:\/\/mazzaci.com\/at\/wp-content\/uploads\/tanquick-3.jpg 1000w, https:\/\/mazzaci.com\/at\/wp-content\/uploads\/tanquick-3-240x300.jpg 240w, https:\/\/mazzaci.com\/at\/wp-content\/uploads\/tanquick-3-819x1024.jpg 819w, https:\/\/mazzaci.com\/at\/wp-content\/uploads\/tanquick-3-768x960.jpg 768w, https:\/\/mazzaci.com\/at\/wp-content\/uploads\/tanquick-3-416x520.jpg 416w\" sizes=\"(max-width: 1000px) 100vw, 1000px\" \/><\/figure>\n<\/figure>\n\n\n\n","protected":false},"excerpt":{"rendered":"<p>Unser Team strebt danach, die besten Preise f\u00fcr unsere hochwertigen Produkte anzubieten. Wir bieten ein engagiertes Team von Profis, Produkte von h\u00f6chster Qualit\u00e4t und Marketingmaterial zur Entwicklung des Gesch\u00e4fts in Ihrem Land.<\/p>\n","protected":false},"author":1,"featured_media":0,"parent":0,"menu_order":0,"comment_status":"closed","ping_status":"closed","template":"","meta":[],"tags":[2164],"acf":[],"_links":{"self":[{"href":"https:\/\/mazzaci.com\/at\/wp-json\/wp\/v2\/pages\/28252"}],"collection":[{"href":"https:\/\/mazzaci.com\/at\/wp-json\/wp\/v2\/pages"}],"about":[{"href":"https:\/\/mazzaci.com\/at\/wp-json\/wp\/v2\/types\/page"}],"author":[{"embeddable":true,"href":"https:\/\/mazzaci.com\/at\/wp-json\/wp\/v2\/users\/1"}],"replies":[{"embeddable":true,"href":"https:\/\/mazzaci.com\/at\/wp-json\/wp\/v2\/comments?post=28252"}],"version-history":[{"count":1,"href":"https:\/\/mazzaci.com\/at\/wp-json\/wp\/v2\/pages\/28252\/revisions"}],"predecessor-version":[{"id":28253,"href":"https:\/\/mazzaci.com\/at\/wp-json\/wp\/v2\/pages\/28252\/revisions\/28253"}],"wp:attachment":[{"href":"https:\/\/mazzaci.com\/at\/wp-json\/wp\/v2\/media?parent=28252"}],"wp:term":[{"taxonomy":"post_tag","embeddable":true,"href":"https:\/\/mazzaci.com\/at\/wp-json\/wp\/v2\/tags?post=28252"}],"curies":[{"name":"wp","href":"https:\/\/api.w.org\/{rel}","templated":true}]}}