{"id":1863,"date":"2021-06-02T12:17:27","date_gmt":"2021-06-02T10:17:27","guid":{"rendered":"https:\/\/s-mania.si\/?page_id=1863"},"modified":"2021-12-08T14:06:15","modified_gmt":"2021-12-08T13:06:15","slug":"kontakt","status":"publish","type":"page","link":"https:\/\/mazzaci.com\/at\/kontakt\/","title":{"rendered":"Kontakt"},"content":{"rendered":"    \r\n    <div class=\"dfvu_custom_contact_form\">\r\n\r\n        <div class=\"dfvu_custom_contact_form_text\">\r\n\r\n        Wir sind 24 Stunden am Tag f\u00fcr dich da. Wenn du Fragen hast, z\u00f6gere nicht, uns zu kontaktieren, und wir werden dir so schnell wie m\u00f6glich antworten.\r\n        <\/div>\r\n\r\n        <div class=\"dfvu_custom_contact_form_form\">\r\n            \r\n            <div class=\"dfvu_custom_contact_form_row\">\r\n\r\n                <div class=\"dfvu_custom_contact_form_row_item\"><label>E-Mail Adresse <i class=\"dfvu_custom_contact_form_required fas fa-asterisk fa-sm\"><\/i><\/label><input name=\"dfvu_custom_form_field_email\" type=\"text\"><\/div>\r\n                <div class=\"dfvu_custom_contact_form_row_item\"><label>Telefonnummer<\/label><input name=\"dfvu_custom_form_field_phone\" placeholder=\"L\u00e4ndervorwahl hinzuf\u00fcgen, z. B. +49\" type=\"text\"><\/div>\r\n\r\n            <\/div>\r\n\r\n            <div class=\"dfvu_custom_contact_form_row\">\r\n\r\n                <div class=\"dfvu_custom_contact_form_row_item\"><label>Name und Nachname <i class=\"dfvu_custom_contact_form_required fas fa-asterisk fa-sm\"><\/i><\/label><input name=\"dfvu_custom_form_field_name\" type=\"text\"><\/div>\r\n                <div class=\"dfvu_custom_contact_form_row_item\"><label>Betreff<\/label><input name=\"dfvu_custom_form_field_subject\" type=\"text\"><\/div>\r\n\r\n            <\/div>\r\n            \r\n            <div class=\"dfvu_custom_contact_form_single\">\r\n                \r\n                <div class=\"dfvu_custom_contact_form_row_item\"><label>Nachricht <i class=\"dfvu_custom_contact_form_required fas fa-asterisk fa-sm\"><\/i><\/label><textarea name=\"dfvu_custom_form_field_message\"><\/textarea><\/div>\r\n                \r\n            <\/div>\r\n            \r\n            \r\n            \r\n            <!-- Captcha -->\r\n            <input type=\"hidden\" name=\"dfvu_custom_form_field_token\" id=\"token\" \/>\r\n            <input type=\"hidden\" name=\"dfvu_custom_form_field_action\" id=\"action\"\/>\r\n\r\n        <\/div>\r\n\r\n        \r\n        <div class=\"dfvu_custom_contact_form_info\">\r\n\r\n            <i class=\"dfvu_custom_contact_form_required fas fa-asterisk fa-xs\"><\/i> - Dies ist ein Pflichtfeld\r\n        <\/div>\r\n\r\n        <div class=\"dfvu_custom_contact_form_submit\">\r\n\r\n            <span>Nachricht senden<\/span>\r\n\r\n        <\/div>\r\n\r\n        <div class=\"dfvu_custom_contact_form_contact_info\">\r\n            DFVU d.o.o.\r\n            <br>\r\n            Liparjeva 6a\r\n            <br>\r\n            1234 Menge\u0161\r\n            <br>\r\n            Slovenia\r\n            <br>\r\n            <a href=\"mailto:at@mazzaci.com\">at@mazzaci.com<\/a>\r\n        <\/div>\r\n\r\n    <\/div>\r\n    \r\n    \n","protected":false},"excerpt":{"rendered":"","protected":false},"author":1,"featured_media":0,"parent":0,"menu_order":0,"comment_status":"closed","ping_status":"closed","template":"","meta":[],"tags":[2157],"acf":[],"_links":{"self":[{"href":"https:\/\/mazzaci.com\/at\/wp-json\/wp\/v2\/pages\/1863"}],"collection":[{"href":"https:\/\/mazzaci.com\/at\/wp-json\/wp\/v2\/pages"}],"about":[{"href":"https:\/\/mazzaci.com\/at\/wp-json\/wp\/v2\/types\/page"}],"author":[{"embeddable":true,"href":"https:\/\/mazzaci.com\/at\/wp-json\/wp\/v2\/users\/1"}],"replies":[{"embeddable":true,"href":"https:\/\/mazzaci.com\/at\/wp-json\/wp\/v2\/comments?post=1863"}],"version-history":[{"count":1,"href":"https:\/\/mazzaci.com\/at\/wp-json\/wp\/v2\/pages\/1863\/revisions"}],"predecessor-version":[{"id":27831,"href":"https:\/\/mazzaci.com\/at\/wp-json\/wp\/v2\/pages\/1863\/revisions\/27831"}],"wp:attachment":[{"href":"https:\/\/mazzaci.com\/at\/wp-json\/wp\/v2\/media?parent=1863"}],"wp:term":[{"taxonomy":"post_tag","embeddable":true,"href":"https:\/\/mazzaci.com\/at\/wp-json\/wp\/v2\/tags?post=1863"}],"curies":[{"name":"wp","href":"https:\/\/api.w.org\/{rel}","templated":true}]}}